{"id":3,"date":"2019-12-16T12:15:11","date_gmt":"2019-12-16T12:15:11","guid":{"rendered":"https:\/\/expodellapubblicita.it\/?page_id=3"},"modified":"2024-09-05T18:07:07","modified_gmt":"2024-09-05T18:07:07","slug":"privacy-policy","status":"publish","type":"page","link":"https:\/\/expodellapubblicita.com\/index.php\/privacy-policy\/","title":{"rendered":"Privacy Policy"},"content":{"rendered":"<p>&nbsp;<\/p>\n<p>In questa pagina si descrivono le modalit\u00e0 di gestione del sito che state visitando, in riferimento al trattamento dei dati personali degli utenti che lo consultano e\/o si registrano per i vari servizi offerti.<\/p>\n<p>Si tratta di un\u2019informativa resa ai sensi dell\u2019art. 13 d.lgs. 30 giugno 2003 n\u00b0196 \u2013 Codice in materia di protezione dei dati personali \u2013 e dell\u2019art. 13 GDPR 679\/2016 \u2013 \u201cRegolamento europeo sulla protezione dei dati personali\u201d.<\/p>\n<p>L\u2019informativa \u00e8 resa solo ed esclusivamente per i seguenti siti web e non anche per altri siti web eventualmente consultati dall\u2019utente tramite link: www.expodellapubblicita.it<\/p>\n<p><strong>IL \u201cTITOLARE\u201d DEL TRATTAMENTO<\/strong><\/p>\n<p>Il \u201ctitolare\u201d del trattamento \u00e8 Rosario Alfino che ha sede in Via Mandr\u00e0, 8 \u2013 95124 Catania con P.IVA IT03732560879.<\/p>\n<p><strong>IL \u201cRESPONSABILE\u201d DEL TRATTAMENTO<\/strong><\/p>\n<p>Il \u201cresponsabile\u201d del trattamento \u00e8 Rosario Alfino che ha sede in Via Mandr\u00e0, 8 \u2013 95124 Catania con P.IVA IT03732560879.<\/p>\n<p><strong>FONTE DEI DATI<\/strong><\/p>\n<p>I dati personali trattati sono quelli forniti dall\u2019interessato in occasione di:<br \/>\nvisite o telefonate;<br \/>\ndati e informazioni precontrattuali;<br \/>\noperazioni necessarie per l\u2019evasione degli ordini e delle altre richieste;<br \/>\ngestione di contabilit\u00e0 e adempimenti fiscali;<br \/>\nrichieste di informazioni, anche via mail<\/p>\n<p><strong>FINALIT\u00c0\u2019 DEL TRATTAMENTO<\/strong><\/p>\n<p>I dati personali dei clienti, se forniti, sono trattati dal Titolare del trattamento per:<br \/>\ninoltrare comunicazioni di vario genere e con diversi mezzi di comunicazione (telefono, telefono cellulare, sms, email, fax, posta cartacea);<br \/>\nformulare richieste o evadere richieste pervenute;<br \/>\nscambiare informazioni finalizzate all\u2019esecuzione del rapporto contrattuale, ivi comprese le attivit\u00e0 pre e post contrattuali;<br \/>\neffettuare le operazioni necessarie per l\u2019evasione degli ordini e delle altre richieste;<br \/>\ninfine, i dati personali dei clienti, saranno inseriti negli archivi del Titolare e utilizzati (visto l\u2019art. 130 comma 4 d.lgs. 196\/2003 e visto anche il Provvedimento generale del Garante G.U. 1\u00b0 luglio 2008 n\u00b0 188\/C, formulazione 6, punti a, b, c) per l\u2019invio di comunicazioni concernenti prodotti, servizi, novit\u00e0 e promozioni.<\/p>\n<p><strong>LUOGO DI TRATTAMENTO DEI DATI<\/strong><\/p>\n<p>I trattamenti connessi ai servizi web di questo sito hanno luogo presso la predetta sede e sono curati solo da personale amministrativo dell\u2019ufficio incaricato del trattamento, oppure da eventuali incaricati di occasionali operazioni di manutenzione, e comunque non esterno alla stessa Rosario Alfino che ha sede in Via Mandr\u00e0, 8 \u2013 95124 Catania con P.IVA IT03732560879.<\/p>\n<p>Nessun dato derivante dal servizio web viene comunicato o diffuso a terzi, in sedi diverse da quelle descritte.<\/p>\n<p><strong>DESTINATARI DEI DATI<\/strong><\/p>\n<p>I dati personali trattati dal Titolare non saranno diffusi, ovvero non ne verr\u00e0 data conoscenza a soggetti indeterminati, in nessuna possibile forma, inclusa quella della loro messa a disposizione o semplice consultazione. Potranno essere comunicati, nei limiti strettamente necessari, ai soggetti che per finalit\u00e0 di evasione degli ordini o di altre richieste o di prestazioni di servizio relativi alla transazione o al rapporto contrattuale con il Titolare, debbano fornire beni e\/o eseguire su incarico del Titolare prestazioni o servizi. Infine, potranno essere comunicati ai soggetti legittimati ad accedervi in forza di disposizioni di legge, regolamenti, normative comunitarie. Nel qual caso, i fornitori dei servizi saranno selezionati tra coloro che forniscono garanzie adeguate, cos\u00ec come previsto dall\u2019art. 46 GDPR 679\/16.<\/p>\n<p><strong>TIPI DI DATI TRATTATI<\/strong><\/p>\n<p><strong>Dati di navigazione<\/strong><\/p>\n<p>I sistemi informatici e le procedure software preposte al funzionamento di questo sito web potranno acquisire, nel corso del loro normale esercizio, alcuni dati personali la cui trasmissione \u00e8 implicita nell\u2019uso dei protocolli di comunicazione di Internet. Si tratta di informazioni che non sono raccolte per essere associate a interessati identificati, ma che per loro stessa natura potrebbero, attraverso elaborazioni ed associazioni con dati detenuti da terzi, permettere di identificare gli utenti. In questa categoria di dati rientrano gli indirizzi IP o i nomi a dominio dei computer utilizzati dagli utenti che si connettono al sito, gli indirizzi in notazione URI (Uniform Resource Identifier) delle risorse richieste, l\u2019orario della richiesta, il metodo utilizzato nel sottoporre la richiesta al server, la dimensione del file ottenuto in risposta, il codice numerico indicante lo stato della risposta data dal server (buon fine, errore, ecc.) ed altri parametri relativi al sistema operativo e all\u2019ambiente informatico dell\u2019utente. Questi dati vengono utilizzati al solo fine di ricavare informazioni statistiche anonime sull\u2019uso del sito e per controllarne il corretto funzionamento e vengono cancellati immediatamente dopo l\u2019elaborazione. I dati potrebbero essere utilizzati per l\u2019accertamento di responsabilit\u00e0 in caso di ipotetici reati informatici ai danni del sito: salva questa eventualit\u00e0, allo stato i dati sui contatti web non persistono per pi\u00f9 di trenta (30) giorni.<\/p>\n<p><strong>DATI FORNITI VOLONTARIAMENTE DALL\u2019UTENTE<\/strong><\/p>\n<p>L\u2019invio facoltativo, esplicito e volontario di posta elettronica agli indirizzi indicati su questo sito comporta la successiva acquisizione dell\u2019indirizzo del mittente, necessario per rispondere alle richieste, nonch\u00e9 degli eventuali altri dati personali inseriti nella missiva. Specifiche informative di sintesi verranno progressivamente riportate o visualizzate nelle pagine del sito predisposte per particolari servizi a richiesta.<\/p>\n<p><strong>COOKIES<\/strong><\/p>\n<p>Il sito fa uso di c.d. cookies \u201cdi sessione\u201d (che non vengono memorizzati in modo persistente sul computer dell\u2019utente e svaniscono con la chiusura del browser) il cui uso \u00e8 strettamente limitato alla trasmissione di identificativi di sessione (costituiti da numeri casuali generati dal server) necessari per consentire l\u2019esplorazione sicura ed efficiente del sito. I cookies di sessione utilizzati in questo sito evitano il ricorso ad altre tecniche informatiche potenzialmente pregiudizievoli per la riservatezza della navigazione degli utenti e non consentono l\u2019acquisizione di dati personali identificativi dell\u2019utente.<\/p>\n<p>Il sito fa altres\u00ec uso di contenuti di terze parti (mediante tecniche di embedding di risorse), \u00e8 pertanto possibile che durante la visita al portale altri cookie, sia tecnici sia in grado di effettuare profilazione dell\u2019utente, vengano inviati da questi soggetti terzi al terminale dell\u2019utente.<\/p>\n<p>L\u2019informativa sul trattamento e il consenso all\u2019uso sono responsabilit\u00e0 dei fornitori di detti servizi. Si riporta di seguito qui l\u2019elenco dei servizi utilizzati e un link alle relative informative riguardo alla privacy e all\u2019uso dei cookie provenienti dai loro server:<\/p>\n<p>Google<br \/>\nYoutube<br \/>\nFacebook<br \/>\nInstagram<br \/>\nTwitter<\/p>\n<p>E\u2019 facolt\u00e0 dell\u2019utente che visita il portale rifiutare in toto o in parte i cookie inviati sia dal portale che da siti terzi, agendo sulle impostazioni disponibili nel browser. Per avere istruzioni specifiche riguardo al proprio browser visualizzare l\u2019help fornito con il software o visitare il sito del relativo produttore.<\/p>\n<p>La disabilitazione dei cookie potrebbe impedire il corretto funzionamento di alcuni servizi o la fruizione di alcuni contenuti.<\/p>\n<p><strong>CONSERVAZIONE DEI DATI<\/strong><\/p>\n<p>Il Titolare del trattamento conserva e tratta i dati personali per il tempo necessario ad adempiere alle finalit\u00e0 indicate. Successivamente, i dati personali saranno conservati, e non ulteriormente trattati, per il tempo stabilito dalle vigenti disposizioni in materia civilistica e fiscale.<\/p>\n<p><strong>FACOLTATIVIT\u00c0\u2019 DEL CONFERIMENTO DEI DATI<\/strong><\/p>\n<p>A parte quanto specificato per i dati di navigazione, l\u2019utente \u00e8 libero di fornire i dati personali riportati nei moduli di richiesta al Garante o comunque indicati in contatti con l\u2019Ufficio per sollecitare l\u2019invio di materiale informativo o di altre comunicazioni. Non sussiste alcun obbligo da parte dell\u2019utente a fornire tali dati, il cui mancato conferimento potr\u00e0 tuttavia comportare il mancato accesso alle informazioni contenute nelle sezioni dedicate, alle novit\u00e0 aziendali e\/o ai servizi richiesti. Per completezza va ricordato che in alcuni casi (non oggetto dell\u2019ordinaria gestione di questo sito) l\u2019Autorit\u00e0 pu\u00f2 richiedere notizie e informazioni ai sensi dell\u2019art 157 del d.lgs. n. 196\/2003, ai fini del controllo sul trattamento dei dati personali. In questi casi la risposta \u00e8 obbligatoria a pena di sanzione amministrativa.<\/p>\n<p><strong>MODALIT\u00c0\u2019 DEL TRATTAMENTO<\/strong><\/p>\n<p>I dati personali sono trattati con strumenti automatizzati per il tempo strettamente necessario a conseguire gli unici scopi per cui sono stati raccolti. Specifiche misure di sicurezza sono osservate per prevenire la perdita dei dati, usi illeciti o non corretti ed accessi non autorizzati (accessi dotati di password, cifrature, firewall, etc.)<\/p>\n<p><strong>DIRITTI DEGLI INTERESSATI<\/strong><\/p>\n<p>Con riferimento all\u2019art. 7 del d.lgs. 196\/2003 e agli artt. 15 \u2013 diritto di accesso, 16 \u2013 diritto di rettifica, 17 \u2013 diritto alla cancellazione, 18 \u2013 diritto alla limitazione del trattamento, 20 \u2013 diritto alla portabilit\u00e0, 21 \u2013 diritto di opposizione, 22 \u2013 diritto di opposizione al processo decisionale automatizzato del GDPR 679\/16, i soggetti cui si riferiscono i dati personali hanno il diritto in qualunque momento di ottenere la conferma dell\u2019esistenza o meno dei medesimi dati e di conoscerne il contenuto e l\u2019origine, verificarne l\u2019esattezza o chiederne l\u2019integrazione. l\u2019aggiornamento, la rettificazione, la cancellazione, la trasformazione in forma anonima o il blocco dei dati trattati in violazione di legge, nonch\u00e9 di opporsi in ogni caso, per motivi legittimi, al loro trattamento.<\/p>\n<p>Le richieste vanno rivolte a Rosario Alfino, specificando l\u2019oggetto della sua richiesta, il diritto che intende esercitare e allegando fotocopia di un documento di identit\u00e0 che attesti la legittimit\u00e0 della richiesta, tramite:<\/p>\n<p>E-MAIL: info@expomediterraneo.it<\/p>\n<p>POSTA ORDINARIA: Rosario Alfino c\/o Exp\u00f2 Mediterraneo \/ Confcommercio CT \u2013 Via Mandr\u00e0, 9 \u2013 95124 Catania<\/p>\n<p><strong>REVOCA DEL CONSENSO<\/strong><\/p>\n<p>Con riferimento all\u2019art. 23 del d.lgs. 196\/2003 e all\u2019art. 6 del GDPR 679\/16, l\u2019interessato pu\u00f2 revocare in qualsiasi momento il consenso eventualmente prestato.<\/p>\n<p><strong>RIFIUTO AL CONFERIMENTO DEI DATI<\/strong><\/p>\n<p>I clienti non possono rifiutarsi di conferire al Titolare i dati personali necessari per ottemperare le norme di legge che regolamentano le transazioni commerciali e la fiscalit\u00e0.<\/p>\n<p>Il conferimento di ulteriori loro dati personali potrebbe essere necessario per migliorare la qualit\u00e0 e l\u2019efficienza della transazione. Pertanto, il rifiuto al conferimento dei dati necessari per legge impedir\u00e0 l\u2019evasione degli ordini.<\/p>\n<p>Le persone che operano in nome e per conto dei clienti \u201cpersone giuridiche\u201d possono rifiutarsi di conferire al Titolare i loro dati personali.<\/p>\n<p>Il conferimento dei dati personali \u00e8 per\u00f2 necessario per una corretta ed efficiente gestione del rapporto contrattuale. Pertanto, un eventuale rifiuto al conferimento potr\u00e0 compromettere in tutto o in parte il rapporto contrattuale stesso.<\/p>\n<p><strong>PROCESSI DECISIONALI AUTOMATIZZATI<\/strong><\/p>\n<p>Il Titolare non effettua trattamenti che consistano in processi decisionali automatizzati sui dati dei clienti, o delle persone fisiche che operano in nome e per conto dei clienti \u201cpersone giuridiche\u201d.<\/p>\n<p>Il presente documento, pubblicato agli indirizzi di cui sopra costituisce la \u201cPrivacy Policy\u201d di questo sito che potr\u00e0 sempre e comunque essere soggetta ad aggiornamenti, senza preavviso.<\/p>\n<p>&nbsp;<\/p>\n","protected":false},"excerpt":{"rendered":"<p>&nbsp; In questa pagina si descrivono le modalit\u00e0 di gestione del sito che state visitando, in riferimento al trattamento dei dati personali degli utenti che lo<span class=\"excerpt-hellip\"> [\u2026]<\/span><\/p>\n","protected":false},"author":1,"featured_media":0,"parent":0,"menu_order":0,"comment_status":"closed","ping_status":"closed","template":"","meta":{"footnotes":""},"class_list":["post-3","page","type-page","status-publish","hentry"],"_links":{"self":[{"href":"https:\/\/expodellapubblicita.com\/index.php\/wp-json\/wp\/v2\/pages\/3","targetHints":{"allow":["GET"]}}],"collection":[{"href":"https:\/\/expodellapubblicita.com\/index.php\/wp-json\/wp\/v2\/pages"}],"about":[{"href":"https:\/\/expodellapubblicita.com\/index.php\/wp-json\/wp\/v2\/types\/page"}],"author":[{"embeddable":true,"href":"https:\/\/expodellapubblicita.com\/index.php\/wp-json\/wp\/v2\/users\/1"}],"replies":[{"embeddable":true,"href":"https:\/\/expodellapubblicita.com\/index.php\/wp-json\/wp\/v2\/comments?post=3"}],"version-history":[{"count":14,"href":"https:\/\/expodellapubblicita.com\/index.php\/wp-json\/wp\/v2\/pages\/3\/revisions"}],"predecessor-version":[{"id":22731,"href":"https:\/\/expodellapubblicita.com\/index.php\/wp-json\/wp\/v2\/pages\/3\/revisions\/22731"}],"wp:attachment":[{"href":"https:\/\/expodellapubblicita.com\/index.php\/wp-json\/wp\/v2\/media?parent=3"}],"curies":[{"name":"wp","href":"https:\/\/api.w.org\/{rel}","templated":true}]}}